{"id":280,"date":"2023-07-19T10:42:26","date_gmt":"2023-07-19T10:42:26","guid":{"rendered":"https:\/\/autocaresnavarroyquesada.com\/?page_id=280"},"modified":"2025-04-10T15:34:23","modified_gmt":"2025-04-10T15:34:23","slug":"blog-sobre-el-alquiler-de-autobuses","status":"publish","type":"page","link":"https:\/\/autocaresnavarroyquesada.com\/index.php\/blog-sobre-el-alquiler-de-autobuses\/","title":{"rendered":"Blog"},"content":{"rendered":"\t\t<div data-elementor-type=\"wp-page\" data-elementor-id=\"280\" class=\"elementor elementor-280\">\n\t\t\t\t\t\t<section class=\"elementor-section elementor-top-section elementor-element elementor-element-16ef3900 elementor-section-full_width elementor-section-height-default elementor-section-height-default\" data-id=\"16ef3900\" data-element_type=\"section\" data-e-type=\"section\" data-settings=\"{&quot;background_background&quot;:&quot;classic&quot;,&quot;shape_divider_top&quot;:&quot;mountains&quot;,&quot;shape_divider_bottom&quot;:&quot;mountains&quot;}\">\n\t\t\t\t\t<div class=\"elementor-shape elementor-shape-top\" aria-hidden=\"true\" data-negative=\"false\">\n\t\t\t<svg xmlns=\"http:\/\/www.w3.org\/2000\/svg\" viewBox=\"0 0 1000 100\" preserveAspectRatio=\"none\">\n\t<path class=\"elementor-shape-fill\" opacity=\"0.33\" d=\"M473,67.3c-203.9,88.3-263.1-34-320.3,0C66,119.1,0,59.7,0,59.7V0h1000v59.7 c0,0-62.1,26.1-94.9,29.3c-32.8,3.3-62.8-12.3-75.8-22.1C806,49.6,745.3,8.7,694.9,4.7S492.4,59,473,67.3z\"\/>\n\t<path class=\"elementor-shape-fill\" opacity=\"0.66\" d=\"M734,67.3c-45.5,0-77.2-23.2-129.1-39.1c-28.6-8.7-150.3-10.1-254,39.1 s-91.7-34.4-149.2,0C115.7,118.3,0,39.8,0,39.8V0h1000v36.5c0,0-28.2-18.5-92.1-18.5C810.2,18.1,775.7,67.3,734,67.3z\"\/>\n\t<path class=\"elementor-shape-fill\" d=\"M766.1,28.9c-200-57.5-266,65.5-395.1,19.5C242,1.8,242,5.4,184.8,20.6C128,35.8,132.3,44.9,89.9,52.5C28.6,63.7,0,0,0,0 h1000c0,0-9.9,40.9-83.6,48.1S829.6,47,766.1,28.9z\"\/>\n<\/svg>\t\t<\/div>\n\t\t\t\t<div class=\"elementor-shape elementor-shape-bottom\" aria-hidden=\"true\" data-negative=\"false\">\n\t\t\t<svg xmlns=\"http:\/\/www.w3.org\/2000\/svg\" viewBox=\"0 0 1000 100\" preserveAspectRatio=\"none\">\n\t<path class=\"elementor-shape-fill\" opacity=\"0.33\" d=\"M473,67.3c-203.9,88.3-263.1-34-320.3,0C66,119.1,0,59.7,0,59.7V0h1000v59.7 c0,0-62.1,26.1-94.9,29.3c-32.8,3.3-62.8-12.3-75.8-22.1C806,49.6,745.3,8.7,694.9,4.7S492.4,59,473,67.3z\"\/>\n\t<path class=\"elementor-shape-fill\" opacity=\"0.66\" d=\"M734,67.3c-45.5,0-77.2-23.2-129.1-39.1c-28.6-8.7-150.3-10.1-254,39.1 s-91.7-34.4-149.2,0C115.7,118.3,0,39.8,0,39.8V0h1000v36.5c0,0-28.2-18.5-92.1-18.5C810.2,18.1,775.7,67.3,734,67.3z\"\/>\n\t<path class=\"elementor-shape-fill\" d=\"M766.1,28.9c-200-57.5-266,65.5-395.1,19.5C242,1.8,242,5.4,184.8,20.6C128,35.8,132.3,44.9,89.9,52.5C28.6,63.7,0,0,0,0 h1000c0,0-9.9,40.9-83.6,48.1S829.6,47,766.1,28.9z\"\/>\n<\/svg>\t\t<\/div>\n\t\t\t\t\t<div class=\"elementor-container elementor-column-gap-default\">\n\t\t\t\t\t<div class=\"elementor-column elementor-col-66 elementor-top-column elementor-element elementor-element-1c6ab6dd\" data-id=\"1c6ab6dd\" data-element_type=\"column\" data-e-type=\"column\" data-settings=\"{&quot;background_background&quot;:&quot;classic&quot;}\">\n\t\t\t<div class=\"elementor-widget-wrap elementor-element-populated\">\n\t\t\t\t\t\t\t<\/div>\n\t\t<\/div>\n\t\t\t\t<div class=\"elementor-column elementor-col-33 elementor-top-column elementor-element elementor-element-911ed0a elementor-invisible\" data-id=\"911ed0a\" data-element_type=\"column\" data-e-type=\"column\" data-settings=\"{&quot;background_background&quot;:&quot;classic&quot;,&quot;animation&quot;:&quot;zoomIn&quot;}\">\n\t\t\t<div class=\"elementor-widget-wrap elementor-element-populated\">\n\t\t\t\t\t\t<div class=\"elementor-element elementor-element-6e71cb03 elementor-widget__width-initial elementor-invisible elementor-widget elementor-widget-heading\" data-id=\"6e71cb03\" data-element_type=\"widget\" data-e-type=\"widget\" data-settings=\"{&quot;_animation&quot;:&quot;fadeIn&quot;}\" data-widget_type=\"heading.default\">\n\t\t\t\t<div class=\"elementor-widget-container\">\n\t\t\t\t\t<h1 class=\"elementor-heading-title elementor-size-default\">Blog del mundo del autob\u00fas <\/h1>\t\t\t\t<\/div>\n\t\t\t\t<\/div>\n\t\t\t\t<div class=\"elementor-element elementor-element-04abd59 elementor-widget__width-initial elementor-invisible elementor-widget elementor-widget-heading\" data-id=\"04abd59\" data-element_type=\"widget\" data-e-type=\"widget\" data-settings=\"{&quot;_animation&quot;:&quot;fadeIn&quot;}\" data-widget_type=\"heading.default\">\n\t\t\t\t<div class=\"elementor-widget-container\">\n\t\t\t\t\t<h2 class=\"elementor-heading-title elementor-size-default\"><p>En esta secci\u00f3n compartimos noticias que pueden ser de inter\u00e9s para aquellas personas que necesiten contratar los servicios de alquiler de autobuses.<\/p><br><span style=\"font-style: inherit;font-weight: inherit\">Tambi\u00e9n compartimos noticias sobre nuestra empresa, Autocares Navarro y Quesada.<\/span><\/h2>\t\t\t\t<\/div>\n\t\t\t\t<\/div>\n\t\t\t\t<div class=\"elementor-element elementor-element-3121d489 elementor-mobile-align-center elementor-align-center elementor-widget__width-inherit elementor-widget elementor-widget-button\" data-id=\"3121d489\" data-element_type=\"widget\" data-e-type=\"widget\" data-widget_type=\"button.default\">\n\t\t\t\t<div class=\"elementor-widget-container\">\n\t\t\t\t\t\t\t\t\t<div class=\"elementor-button-wrapper\">\n\t\t\t\t\t<a class=\"elementor-button elementor-button-link elementor-size-sm elementor-animation-grow\" href=\"https:\/\/autocaresnavarroyquesada.com\/index.php\/datos-de-contacto-telefono-mail\/\">\n\t\t\t\t\t\t<span class=\"elementor-button-content-wrapper\">\n\t\t\t\t\t\t\t\t\t<span class=\"elementor-button-text\">Contacto<\/span>\n\t\t\t\t\t<\/span>\n\t\t\t\t\t<\/a>\n\t\t\t\t<\/div>\n\t\t\t\t\t\t\t\t<\/div>\n\t\t\t\t<\/div>\n\t\t\t\t\t<\/div>\n\t\t<\/div>\n\t\t\t\t\t<\/div>\n\t\t<\/section>\n\t\t\t\t<section class=\"elementor-section elementor-top-section elementor-element elementor-element-70a4c4e elementor-section-boxed elementor-section-height-default elementor-section-height-default\" data-id=\"70a4c4e\" data-element_type=\"section\" data-e-type=\"section\">\n\t\t\t\t\t\t<div class=\"elementor-container elementor-column-gap-default\">\n\t\t\t\t\t<div class=\"elementor-column elementor-col-100 elementor-top-column elementor-element elementor-element-4839209\" data-id=\"4839209\" data-element_type=\"column\" data-e-type=\"column\">\n\t\t\t<div class=\"elementor-widget-wrap elementor-element-populated\">\n\t\t\t\t\t\t\t<\/div>\n\t\t<\/div>\n\t\t\t\t\t<\/div>\n\t\t<\/section>\n\t\t\t\t<\/div>\n\t\t","protected":false},"excerpt":{"rendered":"<p>Blog del mundo del autob\u00fas En esta secci\u00f3n compartimos noticias que pueden ser de inter\u00e9s para aquellas personas que necesiten contratar los servicios de alquiler de autobuses. Tambi\u00e9n compartimos noticias sobre nuestra empresa, Autocares Navarro y Quesada. Contacto<\/p>\n","protected":false},"author":1,"featured_media":0,"parent":0,"menu_order":4,"comment_status":"closed","ping_status":"closed","template":"","meta":{"_uag_custom_page_level_css":"","_monsterinsights_skip_tracking":false,"_monsterinsights_sitenote_active":false,"_monsterinsights_sitenote_note":"","_monsterinsights_sitenote_category":0,"site-sidebar-layout":"no-sidebar","site-content-layout":"page-builder","ast-site-content-layout":"full-width-container","site-content-style":"unboxed","site-sidebar-style":"unboxed","ast-global-header-display":"","ast-banner-title-visibility":"","ast-main-header-display":"","ast-hfb-above-header-display":"","ast-hfb-below-header-display":"","ast-hfb-mobile-header-display":"","site-post-title":"disabled","ast-breadcrumbs-content":"","ast-featured-img":"disabled","footer-sml-layout":"","ast-disable-related-posts":"","theme-transparent-header-meta":"","adv-header-id-meta":"","stick-header-meta":"","header-above-stick-meta":"","header-main-stick-meta":"","header-below-stick-meta":"","astra-migrate-meta-layouts":"set","ast-page-background-enabled":"default","ast-page-background-meta":{"desktop":{"background-color":"var(--ast-global-color-4)","background-image":"","background-repeat":"repeat","background-position":"center center","background-size":"auto","background-attachment":"scroll","background-type":"","background-media":"","overlay-type":"","overlay-color":"","overlay-opacity":"","overlay-gradient":""},"tablet":{"background-color":"","background-image":"","background-repeat":"repeat","background-position":"center center","background-size":"auto","background-attachment":"scroll","background-type":"","background-media":"","overlay-type":"","overlay-color":"","overlay-opacity":"","overlay-gradient":""},"mobile":{"background-color":"","background-image":"","background-repeat":"repeat","background-position":"center center","background-size":"auto","background-attachment":"scroll","background-type":"","background-media":"","overlay-type":"","overlay-color":"","overlay-opacity":"","overlay-gradient":""}},"ast-content-background-meta":{"desktop":{"background-color":"var(--ast-global-color-5)","background-image":"","background-repeat":"repeat","background-position":"center center","background-size":"auto","background-attachment":"scroll","background-type":"","background-media":"","overlay-type":"","overlay-color":"","overlay-opacity":"","overlay-gradient":""},"tablet":{"background-color":"var(--ast-global-color-5)","background-image":"","background-repeat":"repeat","background-position":"center center","background-size":"auto","background-attachment":"scroll","background-type":"","background-media":"","overlay-type":"","overlay-color":"","overlay-opacity":"","overlay-gradient":""},"mobile":{"background-color":"var(--ast-global-color-5)","background-image":"","background-repeat":"repeat","background-position":"center center","background-size":"auto","background-attachment":"scroll","background-type":"","background-media":"","overlay-type":"","overlay-color":"","overlay-opacity":"","overlay-gradient":""}},"footnotes":""},"class_list":["post-280","page","type-page","status-publish","hentry"],"yoast_head":"<!-- This site is optimized with the Yoast SEO plugin v27.4 - https:\/\/yoast.com\/product\/yoast-seo-wordpress\/ -->\n<title>Blog - Autocares Navarro y Quesada<\/title>\n<meta name=\"description\" content=\"Noticias relacionadas con la empresa Autocares Navarro y Quesada y con el alquiler de autobuses en general\" \/>\n<meta name=\"robots\" content=\"index, follow, max-snippet:-1, max-image-preview:large, max-video-preview:-1\" \/>\n<link rel=\"canonical\" href=\"https:\/\/autocaresnavarroyquesada.com\/noticias\" \/>\n<meta property=\"og:locale\" content=\"es_ES\" \/>\n<meta property=\"og:type\" content=\"article\" \/>\n<meta property=\"og:title\" content=\"Blog - Autocares Navarro y Quesada\" \/>\n<meta property=\"og:description\" content=\"Noticias relacionadas con la empresa Autocares Navarro y Quesada y con el alquiler de autobuses en general\" \/>\n<meta property=\"og:url\" content=\"https:\/\/autocaresnavarroyquesada.com\/noticias\" \/>\n<meta property=\"og:site_name\" content=\"Autocares Navarro y Quesada\" \/>\n<meta property=\"article:publisher\" content=\"https:\/\/facebook.com\/autocaresnavarroyquesada\" \/>\n<meta property=\"article:modified_time\" content=\"2025-04-10T15:34:23+00:00\" \/>\n<meta property=\"og:image\" content=\"https:\/\/autocaresnavarroyquesada.com\/wp-content\/uploads\/2023\/07\/Logo-nyq-qdq.png\" \/>\n\t<meta property=\"og:image:width\" content=\"120\" \/>\n\t<meta property=\"og:image:height\" content=\"100\" \/>\n\t<meta property=\"og:image:type\" content=\"image\/png\" \/>\n<script type=\"application\/ld+json\" class=\"yoast-schema-graph\">{\"@context\":\"https:\\\/\\\/schema.org\",\"@graph\":[{\"@type\":\"WebPage\",\"@id\":\"https:\\\/\\\/autocaresnavarroyquesada.com\\\/index.php\\\/blog-sobre-el-alquiler-de-autobuses\\\/\",\"url\":\"https:\\\/\\\/autocaresnavarroyquesada.com\\\/noticias\",\"name\":\"Blog - Autocares Navarro y Quesada\",\"isPartOf\":{\"@id\":\"https:\\\/\\\/autocaresnavarroyquesada.com\\\/#website\"},\"datePublished\":\"2023-07-19T10:42:26+00:00\",\"dateModified\":\"2025-04-10T15:34:23+00:00\",\"description\":\"Noticias relacionadas con la empresa Autocares Navarro y Quesada y con el alquiler de autobuses en general\",\"inLanguage\":\"es\",\"potentialAction\":[{\"@type\":\"ReadAction\",\"target\":[\"https:\\\/\\\/autocaresnavarroyquesada.com\\\/noticias\"]}]},{\"@type\":\"WebSite\",\"@id\":\"https:\\\/\\\/autocaresnavarroyquesada.com\\\/#website\",\"url\":\"https:\\\/\\\/autocaresnavarroyquesada.com\\\/\",\"name\":\"Autocares Navarro y Quesada\",\"description\":\"Empresa de alquiler de autobuses en Valencia\",\"publisher\":{\"@id\":\"https:\\\/\\\/autocaresnavarroyquesada.com\\\/#organization\"},\"alternateName\":\"NayQue\",\"potentialAction\":[{\"@type\":\"SearchAction\",\"target\":{\"@type\":\"EntryPoint\",\"urlTemplate\":\"https:\\\/\\\/autocaresnavarroyquesada.com\\\/?s={search_term_string}\"},\"query-input\":{\"@type\":\"PropertyValueSpecification\",\"valueRequired\":true,\"valueName\":\"search_term_string\"}}],\"inLanguage\":\"es\"},{\"@type\":\"Organization\",\"@id\":\"https:\\\/\\\/autocaresnavarroyquesada.com\\\/#organization\",\"name\":\"Autocares Navarro y Quesada\",\"url\":\"https:\\\/\\\/autocaresnavarroyquesada.com\\\/\",\"logo\":{\"@type\":\"ImageObject\",\"inLanguage\":\"es\",\"@id\":\"https:\\\/\\\/autocaresnavarroyquesada.com\\\/#\\\/schema\\\/logo\\\/image\\\/\",\"url\":\"https:\\\/\\\/autocaresnavarroyquesada.com\\\/wp-content\\\/uploads\\\/2023\\\/07\\\/Logo-nyq-qdq.png\",\"contentUrl\":\"https:\\\/\\\/autocaresnavarroyquesada.com\\\/wp-content\\\/uploads\\\/2023\\\/07\\\/Logo-nyq-qdq.png\",\"width\":120,\"height\":100,\"caption\":\"Autocares Navarro y Quesada\"},\"image\":{\"@id\":\"https:\\\/\\\/autocaresnavarroyquesada.com\\\/#\\\/schema\\\/logo\\\/image\\\/\"},\"sameAs\":[\"https:\\\/\\\/facebook.com\\\/autocaresnavarroyquesada\"]}]}<\/script>\n<!-- \/ Yoast SEO plugin. -->","yoast_head_json":{"title":"Blog - Autocares Navarro y Quesada","description":"Noticias relacionadas con la empresa Autocares Navarro y Quesada y con el alquiler de autobuses en general","robots":{"index":"index","follow":"follow","max-snippet":"max-snippet:-1","max-image-preview":"max-image-preview:large","max-video-preview":"max-video-preview:-1"},"canonical":"https:\/\/autocaresnavarroyquesada.com\/noticias","og_locale":"es_ES","og_type":"article","og_title":"Blog - Autocares Navarro y Quesada","og_description":"Noticias relacionadas con la empresa Autocares Navarro y Quesada y con el alquiler de autobuses en general","og_url":"https:\/\/autocaresnavarroyquesada.com\/noticias","og_site_name":"Autocares Navarro y Quesada","article_publisher":"https:\/\/facebook.com\/autocaresnavarroyquesada","article_modified_time":"2025-04-10T15:34:23+00:00","og_image":[{"width":120,"height":100,"url":"https:\/\/autocaresnavarroyquesada.com\/wp-content\/uploads\/2023\/07\/Logo-nyq-qdq.png","type":"image\/png"}],"schema":{"@context":"https:\/\/schema.org","@graph":[{"@type":"WebPage","@id":"https:\/\/autocaresnavarroyquesada.com\/index.php\/blog-sobre-el-alquiler-de-autobuses\/","url":"https:\/\/autocaresnavarroyquesada.com\/noticias","name":"Blog - Autocares Navarro y Quesada","isPartOf":{"@id":"https:\/\/autocaresnavarroyquesada.com\/#website"},"datePublished":"2023-07-19T10:42:26+00:00","dateModified":"2025-04-10T15:34:23+00:00","description":"Noticias relacionadas con la empresa Autocares Navarro y Quesada y con el alquiler de autobuses en general","inLanguage":"es","potentialAction":[{"@type":"ReadAction","target":["https:\/\/autocaresnavarroyquesada.com\/noticias"]}]},{"@type":"WebSite","@id":"https:\/\/autocaresnavarroyquesada.com\/#website","url":"https:\/\/autocaresnavarroyquesada.com\/","name":"Autocares Navarro y Quesada","description":"Empresa de alquiler de autobuses en Valencia","publisher":{"@id":"https:\/\/autocaresnavarroyquesada.com\/#organization"},"alternateName":"NayQue","potentialAction":[{"@type":"SearchAction","target":{"@type":"EntryPoint","urlTemplate":"https:\/\/autocaresnavarroyquesada.com\/?s={search_term_string}"},"query-input":{"@type":"PropertyValueSpecification","valueRequired":true,"valueName":"search_term_string"}}],"inLanguage":"es"},{"@type":"Organization","@id":"https:\/\/autocaresnavarroyquesada.com\/#organization","name":"Autocares Navarro y Quesada","url":"https:\/\/autocaresnavarroyquesada.com\/","logo":{"@type":"ImageObject","inLanguage":"es","@id":"https:\/\/autocaresnavarroyquesada.com\/#\/schema\/logo\/image\/","url":"https:\/\/autocaresnavarroyquesada.com\/wp-content\/uploads\/2023\/07\/Logo-nyq-qdq.png","contentUrl":"https:\/\/autocaresnavarroyquesada.com\/wp-content\/uploads\/2023\/07\/Logo-nyq-qdq.png","width":120,"height":100,"caption":"Autocares Navarro y Quesada"},"image":{"@id":"https:\/\/autocaresnavarroyquesada.com\/#\/schema\/logo\/image\/"},"sameAs":["https:\/\/facebook.com\/autocaresnavarroyquesada"]}]}},"uagb_featured_image_src":{"full":false,"thumbnail":false,"medium":false,"medium_large":false,"large":false,"1536x1536":false,"2048x2048":false},"uagb_author_info":{"display_name":"autocaresnavarroyquesada.com","author_link":"https:\/\/autocaresnavarroyquesada.com\/index.php\/author\/autocaresnavarroyquesada-com\/"},"uagb_comment_info":0,"uagb_excerpt":"Blog del mundo del autob\u00fas En esta secci\u00f3n compartimos noticias que pueden ser de inter\u00e9s para aquellas personas que necesiten contratar los servicios de alquiler de autobuses. Tambi\u00e9n compartimos noticias sobre nuestra empresa, Autocares Navarro y Quesada. Contacto","_links":{"self":[{"href":"https:\/\/autocaresnavarroyquesada.com\/index.php\/wp-json\/wp\/v2\/pages\/280","targetHints":{"allow":["GET"]}}],"collection":[{"href":"https:\/\/autocaresnavarroyquesada.com\/index.php\/wp-json\/wp\/v2\/pages"}],"about":[{"href":"https:\/\/autocaresnavarroyquesada.com\/index.php\/wp-json\/wp\/v2\/types\/page"}],"author":[{"embeddable":true,"href":"https:\/\/autocaresnavarroyquesada.com\/index.php\/wp-json\/wp\/v2\/users\/1"}],"replies":[{"embeddable":true,"href":"https:\/\/autocaresnavarroyquesada.com\/index.php\/wp-json\/wp\/v2\/comments?post=280"}],"version-history":[{"count":317,"href":"https:\/\/autocaresnavarroyquesada.com\/index.php\/wp-json\/wp\/v2\/pages\/280\/revisions"}],"predecessor-version":[{"id":2644,"href":"https:\/\/autocaresnavarroyquesada.com\/index.php\/wp-json\/wp\/v2\/pages\/280\/revisions\/2644"}],"wp:attachment":[{"href":"https:\/\/autocaresnavarroyquesada.com\/index.php\/wp-json\/wp\/v2\/media?parent=280"}],"curies":[{"name":"wp","href":"https:\/\/api.w.org\/{rel}","templated":true}]}}